{"id":1951,"date":"2015-04-14T15:47:22","date_gmt":"2015-04-14T12:47:22","guid":{"rendered":"http:\/\/ua-green.org\/?page_id=1951"},"modified":"2015-04-21T17:02:23","modified_gmt":"2015-04-21T14:02:23","slug":"partnyory","status":"publish","type":"page","link":"https:\/\/ua-green.org\/en\/partnyory","title":{"rendered":"Partner"},"content":{"rendered":"<div id=\"attachment_1954\" style=\"width: 310px\" class=\"wp-caption alignleft\"><a href=\"http:\/\/letsdoit.org.ua\/\" target=\"_blank\"><img loading=\"lazy\" decoding=\"async\" aria-describedby=\"caption-attachment-1954\" class=\"wp-image-1954 size-medium\" src=\"http:\/\/ua-green.org\/wp-content\/uploads\/2015\/04\/logo_color-300x230.png\" alt=\"logo_color\" width=\"300\" height=\"230\" srcset=\"https:\/\/ua-green.org\/wp-content\/uploads\/2015\/04\/logo_color-300x230.png 300w, https:\/\/ua-green.org\/wp-content\/uploads\/2015\/04\/logo_color-100x77.png 100w, https:\/\/ua-green.org\/wp-content\/uploads\/2015\/04\/logo_color.png 369w\" sizes=\"auto, (max-width: 300px) 100vw, 300px\" \/><\/a><p id=\"caption-attachment-1954\" class=\"wp-caption-text\">\u0412\u0413\u041e &#8220;\u0417\u0440\u043e\u0431\u0438\u043c\u043e \u0423\u043a\u0440\u0430\u0457\u043d\u0443 \u0447\u0438\u0441\u0442\u043e\u044e&#8221;<\/p><\/div>\n<div id=\"attachment_2003\" style=\"width: 238px\" class=\"wp-caption alignleft\"><a href=\"http:\/\/gknbu.org.ua\"><img loading=\"lazy\" decoding=\"async\" aria-describedby=\"caption-attachment-2003\" class=\"wp-image-2003\" src=\"http:\/\/ua-green.org\/wp-content\/uploads\/2015\/04\/logo_gonbu-300x300.jpg\" alt=\"\u0413\u041e \u00ab\u0413\u0440\u043e\u043c\u0430\u0434\u0441\u044c\u043a\u0438\u0439 \u043a\u043e\u043c\u0456\u0442\u0435\u0442 \u043d\u0430\u0446\u0456\u043e\u043d\u0430\u043b\u044c\u043d\u043e\u0457 \u0431\u0435\u0437\u043f\u0435\u043a\u0438 \u0423\u043a\u0440\u0430\u0457\u043d\u0438\u00bb\" width=\"228\" height=\"228\" srcset=\"https:\/\/ua-green.org\/wp-content\/uploads\/2015\/04\/logo_gonbu-300x300.jpg 300w, https:\/\/ua-green.org\/wp-content\/uploads\/2015\/04\/logo_gonbu-150x150.jpg 150w, https:\/\/ua-green.org\/wp-content\/uploads\/2015\/04\/logo_gonbu-100x100.jpg 100w, https:\/\/ua-green.org\/wp-content\/uploads\/2015\/04\/logo_gonbu-66x66.jpg 66w, https:\/\/ua-green.org\/wp-content\/uploads\/2015\/04\/logo_gonbu-77x77.jpg 77w, https:\/\/ua-green.org\/wp-content\/uploads\/2015\/04\/logo_gonbu.jpg 479w\" sizes=\"auto, (max-width: 228px) 100vw, 228px\" \/><\/a><p id=\"caption-attachment-2003\" class=\"wp-caption-text\">\u0413\u041e \u00ab\u0413\u0440\u043e\u043c\u0430\u0434\u0441\u044c\u043a\u0438\u0439 \u043a\u043e\u043c\u0456\u0442\u0435\u0442 \u043d\u0430\u0446\u0456\u043e\u043d\u0430\u043b\u044c\u043d\u043e\u0457 \u0431\u0435\u0437\u043f\u0435\u043a\u0438 \u0423\u043a\u0440\u0430\u0457\u043d\u0438\u00bb<\/p><\/div>\n<div style=\"clear: both;\"><\/div>\n<hr \/>\n<h2><strong>\u041a\u043e\u0440\u0438\u0441\u043d\u0456 \u043f\u043e\u0441\u0438\u043b\u0430\u043d\u043d\u044f<\/strong><\/h2>\n<div id=\"attachment_2144\" style=\"width: 110px\" class=\"wp-caption alignleft\"><a href=\"http:\/\/www.ecolo.be\/?le-nucleaire-en-belgique-et-le-blackout\" target=\"_blank\"><img loading=\"lazy\" decoding=\"async\" aria-describedby=\"caption-attachment-2144\" class=\"wp-image-2144\" src=\"http:\/\/ua-green.org\/wp-content\/uploads\/2015\/04\/rad-150x150.jpg\" alt=\"\" width=\"100\" height=\"101\" srcset=\"https:\/\/ua-green.org\/wp-content\/uploads\/2015\/04\/rad-150x150.jpg 150w, https:\/\/ua-green.org\/wp-content\/uploads\/2015\/04\/rad-298x300.jpg 298w, https:\/\/ua-green.org\/wp-content\/uploads\/2015\/04\/rad-100x100.jpg 100w, https:\/\/ua-green.org\/wp-content\/uploads\/2015\/04\/rad-66x66.jpg 66w, https:\/\/ua-green.org\/wp-content\/uploads\/2015\/04\/rad-76x77.jpg 76w, https:\/\/ua-green.org\/wp-content\/uploads\/2015\/04\/rad.jpg 635w\" sizes=\"auto, (max-width: 100px) 100vw, 100px\" \/><\/a><p id=\"caption-attachment-2144\" class=\"wp-caption-text\">Le nucl\u00e9aire en Belgique et le blackout en 15 questions<\/p><\/div>\n<div id=\"attachment_2137\" style=\"width: 160px\" class=\"wp-caption alignright\"><a href=\"http:\/\/www.ecolo.be\/\" target=\"_blank\"><img loading=\"lazy\" decoding=\"async\" aria-describedby=\"caption-attachment-2137\" class=\"wp-image-2137 size-thumbnail\" src=\"http:\/\/ua-green.org\/wp-content\/uploads\/2015\/04\/ecolo-150x56.jpg\" alt=\"ecolo\" width=\"150\" height=\"56\" \/><\/a><p id=\"caption-attachment-2137\" class=\"wp-caption-text\">Ecolo is a French-speaking Belgian party created in 1980.<\/p><\/div>\n<div style=\"clear: both;\"><\/div>\n<div id=\"attachment_2138\" style=\"width: 160px\" class=\"wp-caption alignleft\"><a href=\"http:\/\/www.dom007.com\/vihreat\/\" target=\"_blank\"><img loading=\"lazy\" decoding=\"async\" aria-describedby=\"caption-attachment-2138\" class=\"wp-image-2138\" src=\"http:\/\/ua-green.org\/wp-content\/uploads\/2015\/04\/logo-300x51.jpg\" alt=\"\u0417\u0435\u043b\u0435\u043d\u044b\u0435 \u0432 \u0424\u0438\u043d\u043b\u044f\u043d\u0434\u0438\u0438 \u044f\u0432\u043b\u044f\u044e\u0442\u0441\u044f \u0447\u0430\u0441\u0442\u044c\u044e \u0433\u043b\u043e\u0431\u0430\u043b\u044c\u043d\u043e\u0433\u043e \u0434\u0432\u0438\u0436\u0435\u043d\u0438\u044f \u0417\u0435\u043b\u0435\u043d\u044b\u0445. \" width=\"150\" height=\"26\" srcset=\"https:\/\/ua-green.org\/wp-content\/uploads\/2015\/04\/logo-300x51.jpg 300w, https:\/\/ua-green.org\/wp-content\/uploads\/2015\/04\/logo-100x17.jpg 100w, https:\/\/ua-green.org\/wp-content\/uploads\/2015\/04\/logo-449x77.jpg 449w, https:\/\/ua-green.org\/wp-content\/uploads\/2015\/04\/logo.jpg 560w\" sizes=\"auto, (max-width: 150px) 100vw, 150px\" \/><\/a><p id=\"caption-attachment-2138\" class=\"wp-caption-text\">\u0417\u0435\u043b\u0435\u043d\u044b\u0435 \u0432 \u0424\u0438\u043d\u043b\u044f\u043d\u0434\u0438\u0438 \u044f\u0432\u043b\u044f\u044e\u0442\u0441\u044f \u0447\u0430\u0441\u0442\u044c\u044e \u0433\u043b\u043e\u0431\u0430\u043b\u044c\u043d\u043e\u0433\u043e \u0434\u0432\u0438\u0436\u0435\u043d\u0438\u044f \u0417\u0435\u043b\u0435\u043d\u044b\u0445.<\/p><\/div>\n<div id=\"attachment_2145\" style=\"width: 160px\" class=\"wp-caption alignright\"><a href=\"http:\/\/www.lvls.lt\/lt\/\" target=\"_blank\"><img loading=\"lazy\" decoding=\"async\" aria-describedby=\"caption-attachment-2145\" class=\"wp-image-2145 size-thumbnail\" src=\"http:\/\/ua-green.org\/wp-content\/uploads\/2015\/04\/header-150x150.jpg\" alt=\"header\" width=\"150\" height=\"150\" srcset=\"https:\/\/ua-green.org\/wp-content\/uploads\/2015\/04\/header-150x150.jpg 150w, https:\/\/ua-green.org\/wp-content\/uploads\/2015\/04\/header-66x66.jpg 66w\" sizes=\"auto, (max-width: 150px) 100vw, 150px\" \/><\/a><p id=\"caption-attachment-2145\" class=\"wp-caption-text\">Lietuvos valstie\u010di\u0173 ir \u017eali\u0173j\u0173 s\u0105junga<\/p><\/div>\n<div style=\"clear: both;\"><\/div>\n<div id=\"attachment_2147\" style=\"width: 160px\" class=\"wp-caption alignleft\"><a href=\"http:\/\/www.belgreens.org\/\"><img loading=\"lazy\" decoding=\"async\" aria-describedby=\"caption-attachment-2147\" class=\"wp-image-2147\" src=\"http:\/\/ua-green.org\/wp-content\/uploads\/2015\/04\/default-logo-2.png\" alt=\"\u0411\u0435\u043b\u0430\u0440\u0443\u0441\u043a\u0430\u044f \u041f\u0430\u0440\u0442\u044b\u044f \u0417\u044f\u043b\u0451\u043d\u044b\u044f\" width=\"150\" height=\"37\" srcset=\"https:\/\/ua-green.org\/wp-content\/uploads\/2015\/04\/default-logo-2.png 299w, https:\/\/ua-green.org\/wp-content\/uploads\/2015\/04\/default-logo-2-100x25.png 100w, https:\/\/ua-green.org\/wp-content\/uploads\/2015\/04\/default-logo-2-298x74.png 298w\" sizes=\"auto, (max-width: 150px) 100vw, 150px\" \/><\/a><p id=\"caption-attachment-2147\" class=\"wp-caption-text\">\u0411\u0435\u043b\u0430\u0440\u0443\u0441\u043a\u0430\u044f \u041f\u0430\u0440\u0442\u044b\u044f \u0417\u044f\u043b\u0451\u043d\u044b\u044f<\/p><\/div>\n<div id=\"attachment_2150\" style=\"width: 160px\" class=\"wp-caption alignright\"><a href=\"http:\/\/partiazieloni.pl\/\" target=\"_blank\"><img loading=\"lazy\" decoding=\"async\" aria-describedby=\"caption-attachment-2150\" class=\"wp-image-2150 size-thumbnail\" src=\"http:\/\/ua-green.org\/wp-content\/uploads\/2015\/04\/partia-zieloni-logo-150x150.png\" alt=\"Partia Zieloni\" width=\"150\" height=\"150\" srcset=\"https:\/\/ua-green.org\/wp-content\/uploads\/2015\/04\/partia-zieloni-logo.png 150w, https:\/\/ua-green.org\/wp-content\/uploads\/2015\/04\/partia-zieloni-logo-100x100.png 100w, https:\/\/ua-green.org\/wp-content\/uploads\/2015\/04\/partia-zieloni-logo-66x66.png 66w, https:\/\/ua-green.org\/wp-content\/uploads\/2015\/04\/partia-zieloni-logo-77x77.png 77w\" sizes=\"auto, (max-width: 150px) 100vw, 150px\" \/><\/a><p id=\"caption-attachment-2150\" class=\"wp-caption-text\">Partia Zieloni<\/p><\/div>\n<div style=\"clear: both;\"><\/div>\n<div id=\"attachment_2151\" style=\"width: 160px\" class=\"wp-caption alignleft\"><a href=\"http:\/\/www.unep.org\/russian\/\" target=\"_blank\"><img loading=\"lazy\" decoding=\"async\" aria-describedby=\"caption-attachment-2151\" class=\"wp-image-2151\" src=\"http:\/\/ua-green.org\/wp-content\/uploads\/2015\/04\/unep.jpg\" alt=\"\u041f\u0440\u043e\u0433\u0440\u0430\u043c\u043c\u0430 \u041e\u0440\u0433\u0430\u043d\u0438\u0437\u0430\u0446\u0438\u0438 \u041e\u0431\u044a\u0435\u0434\u0438\u043d\u0451\u043d\u043d\u044b\u0445 \u041d\u0430\u0446\u0438\u0439 \u043f\u043e \u043e\u043a\u0440\u0443\u0436\u0430\u044e\u0449\u0435\u0439 \u0441\u0440\u0435\u0434\u0435\" width=\"150\" height=\"166\" srcset=\"https:\/\/ua-green.org\/wp-content\/uploads\/2015\/04\/unep.jpg 87w, https:\/\/ua-green.org\/wp-content\/uploads\/2015\/04\/unep-70x77.jpg 70w\" sizes=\"auto, (max-width: 150px) 100vw, 150px\" \/><\/a><p id=\"caption-attachment-2151\" class=\"wp-caption-text\">\u041f\u0440\u043e\u0433\u0440\u0430\u043c\u043c\u0430 \u041e\u0440\u0433\u0430\u043d\u0438\u0437\u0430\u0446\u0438\u0438 \u041e\u0431\u044a\u0435\u0434\u0438\u043d\u0451\u043d\u043d\u044b\u0445 \u041d\u0430\u0446\u0438\u0439 \u043f\u043e \u043e\u043a\u0440\u0443\u0436\u0430\u044e\u0449\u0435\u0439 \u0441\u0440\u0435\u0434\u0435<\/p><\/div>\n<div id=\"attachment_2152\" style=\"width: 160px\" class=\"wp-caption alignright\"><a href=\"http:\/\/www.un.org\/ru\/development\/sustainable\/\" target=\"_blank\"><img loading=\"lazy\" decoding=\"async\" aria-describedby=\"caption-attachment-2152\" class=\"wp-image-2152\" src=\"http:\/\/ua-green.org\/wp-content\/uploads\/2015\/04\/top.jpg\" alt=\"\u041e\u041e\u041d \u0438 \u0443\u0441\u0442\u043e\u0439\u0447\u0438\u0432\u043e\u0435 \u0440\u0430\u0437\u0432\u0438\u0442\u0438\u0435\" width=\"150\" height=\"90\" srcset=\"https:\/\/ua-green.org\/wp-content\/uploads\/2015\/04\/top.jpg 67w, https:\/\/ua-green.org\/wp-content\/uploads\/2015\/04\/top-66x40.jpg 66w\" sizes=\"auto, (max-width: 150px) 100vw, 150px\" \/><\/a><p id=\"caption-attachment-2152\" class=\"wp-caption-text\">\u041e\u041e\u041d \u0438 \u0443\u0441\u0442\u043e\u0439\u0447\u0438\u0432\u043e\u0435 \u0440\u0430\u0437\u0432\u0438\u0442\u0438\u0435<\/p><\/div>\n<div style=\"clear: both;\"><\/div>\n<div id=\"attachment_2153\" style=\"width: 160px\" class=\"wp-caption alignleft\"><a href=\"http:\/\/www.greeningtheblue.org\/\" target=\"_blank\"><img loading=\"lazy\" decoding=\"async\" aria-describedby=\"caption-attachment-2153\" class=\"wp-image-2153\" src=\"http:\/\/ua-green.org\/wp-content\/uploads\/2015\/04\/english-300x100.png\" alt=\"The UN system is made up of the organizations established by the Charter of the UN\" width=\"150\" height=\"50\" srcset=\"https:\/\/ua-green.org\/wp-content\/uploads\/2015\/04\/english-300x100.png 300w, https:\/\/ua-green.org\/wp-content\/uploads\/2015\/04\/english-100x33.png 100w, https:\/\/ua-green.org\/wp-content\/uploads\/2015\/04\/english-232x77.png 232w, https:\/\/ua-green.org\/wp-content\/uploads\/2015\/04\/english.png 404w\" sizes=\"auto, (max-width: 150px) 100vw, 150px\" \/><\/a><p id=\"caption-attachment-2153\" class=\"wp-caption-text\">The UN system is made up of the organizations established by the Charter of the UN<\/p><\/div>\n<div id=\"attachment_2154\" style=\"width: 160px\" class=\"wp-caption alignright\"><a href=\"http:\/\/who.int\/countries\/ukr\/ru\/\" target=\"_blank\"><img loading=\"lazy\" decoding=\"async\" aria-describedby=\"caption-attachment-2154\" class=\"wp-image-2154\" src=\"http:\/\/ua-green.org\/wp-content\/uploads\/2015\/04\/who-logo-ru.jpg\" alt=\"who-logo-ru\" width=\"150\" height=\"40\" srcset=\"https:\/\/ua-green.org\/wp-content\/uploads\/2015\/04\/who-logo-ru.jpg 206w, https:\/\/ua-green.org\/wp-content\/uploads\/2015\/04\/who-logo-ru-100x27.jpg 100w, https:\/\/ua-green.org\/wp-content\/uploads\/2015\/04\/who-logo-ru-205x55.jpg 205w\" sizes=\"auto, (max-width: 150px) 100vw, 150px\" \/><\/a><p id=\"caption-attachment-2154\" class=\"wp-caption-text\">\u0412\u041e\u0417 \u0423\u043a\u0440\u0430\u0457\u043d\u0438<\/p><\/div>\n<div style=\"clear: both;\"><\/div>\n<div id=\"attachment_2155\" style=\"width: 160px\" class=\"wp-caption alignleft\"><a href=\"http:\/\/www.iucn.org\/\" target=\"_blank\"><img loading=\"lazy\" decoding=\"async\" aria-describedby=\"caption-attachment-2155\" class=\"wp-image-2155\" src=\"http:\/\/ua-green.org\/wp-content\/uploads\/2015\/04\/logo.png\" alt=\"logo\" width=\"150\" height=\"143\" srcset=\"https:\/\/ua-green.org\/wp-content\/uploads\/2015\/04\/logo.png 89w, https:\/\/ua-green.org\/wp-content\/uploads\/2015\/04\/logo-81x77.png 81w\" sizes=\"auto, (max-width: 150px) 100vw, 150px\" \/><\/a><p id=\"caption-attachment-2155\" class=\"wp-caption-text\">International Union for Conservation of Nature, helps the world find pragmatic solutions to our most pressing environment and development challenges<\/p><\/div>\n","protected":false},"excerpt":{"rendered":"<p>\u041a\u043e\u0440\u0438\u0441\u043d\u0456 \u043f\u043e\u0441\u0438\u043b\u0430\u043d\u043d\u044f<\/p>\n","protected":false},"author":1,"featured_media":0,"parent":0,"menu_order":0,"comment_status":"closed","ping_status":"closed","template":"","meta":{"footnotes":""},"class_list":["post-1951","page","type-page","status-publish","hentry"],"_links":{"self":[{"href":"https:\/\/ua-green.org\/en\/wp-json\/wp\/v2\/pages\/1951","targetHints":{"allow":["GET"]}}],"collection":[{"href":"https:\/\/ua-green.org\/en\/wp-json\/wp\/v2\/pages"}],"about":[{"href":"https:\/\/ua-green.org\/en\/wp-json\/wp\/v2\/types\/page"}],"author":[{"embeddable":true,"href":"https:\/\/ua-green.org\/en\/wp-json\/wp\/v2\/users\/1"}],"replies":[{"embeddable":true,"href":"https:\/\/ua-green.org\/en\/wp-json\/wp\/v2\/comments?post=1951"}],"version-history":[{"count":19,"href":"https:\/\/ua-green.org\/en\/wp-json\/wp\/v2\/pages\/1951\/revisions"}],"predecessor-version":[{"id":2160,"href":"https:\/\/ua-green.org\/en\/wp-json\/wp\/v2\/pages\/1951\/revisions\/2160"}],"wp:attachment":[{"href":"https:\/\/ua-green.org\/en\/wp-json\/wp\/v2\/media?parent=1951"}],"curies":[{"name":"wp","href":"https:\/\/api.w.org\/{rel}","templated":true}]}}